{"id":83,"date":"2025-03-15T18:46:58","date_gmt":"2025-03-15T17:46:58","guid":{"rendered":"https:\/\/arbonissa.fr\/?page_id=83"},"modified":"2025-03-23T11:05:23","modified_gmt":"2025-03-23T10:05:23","slug":"arbonissa-elagage-abattage","status":"publish","type":"page","link":"https:\/\/arbonissa.fr\/","title":{"rendered":"Arbonissa Jardins et Elagage &#8211; Nice"},"content":{"rendered":"","protected":false},"excerpt":{"rendered":"","protected":false},"author":1,"featured_media":0,"parent":0,"menu_order":0,"comment_status":"closed","ping_status":"closed","template":"page-template\/home-page.php","meta":{"footnotes":""},"class_list":["post-83","page","type-page","status-publish","hentry"],"yoast_head":"<!-- This site is optimized with the Yoast SEO plugin v24.7 - https:\/\/yoast.com\/wordpress\/plugins\/seo\/ -->\n<title>Arbonissa Jardins et Elagage - Nice -<\/title>\n<meta name=\"description\" content=\"Arbonissa r\u00e9ponds \u00e0 tous vos besoins d&#039;\u00e9lagage acrobatique ou d&#039;abattage d&#039;arbres dans des conditions d&#039;acc\u00e8s difficiles. Travail sur la r\u00e9gion de Nice et alentours.\" \/>\n<meta name=\"robots\" content=\"index, follow, max-snippet:-1, max-image-preview:large, max-video-preview:-1\" \/>\n<link rel=\"canonical\" href=\"https:\/\/arbonissa.fr\/\" \/>\n<meta property=\"og:locale\" content=\"fr_FR\" \/>\n<meta property=\"og:type\" content=\"article\" \/>\n<meta property=\"og:title\" content=\"Arbonissa Jardins et Elagage - Nice -\" \/>\n<meta property=\"og:description\" content=\"Arbonissa r\u00e9ponds \u00e0 tous vos besoins d&#039;\u00e9lagage acrobatique ou d&#039;abattage d&#039;arbres dans des conditions d&#039;acc\u00e8s difficiles. Travail sur la r\u00e9gion de Nice et alentours.\" \/>\n<meta property=\"og:url\" content=\"https:\/\/arbonissa.fr\/\" \/>\n<meta property=\"article:modified_time\" content=\"2025-03-23T10:05:23+00:00\" \/>\n<meta name=\"twitter:card\" content=\"summary_large_image\" \/>\n<script type=\"application\/ld+json\" class=\"yoast-schema-graph\">{\"@context\":\"https:\/\/schema.org\",\"@graph\":[{\"@type\":\"WebPage\",\"@id\":\"https:\/\/arbonissa.fr\/\",\"url\":\"https:\/\/arbonissa.fr\/\",\"name\":\"Arbonissa Jardins et Elagage - Nice -\",\"isPartOf\":{\"@id\":\"https:\/\/arbonissa.fr\/#website\"},\"datePublished\":\"2025-03-15T17:46:58+00:00\",\"dateModified\":\"2025-03-23T10:05:23+00:00\",\"description\":\"Arbonissa r\u00e9ponds \u00e0 tous vos besoins d'\u00e9lagage acrobatique ou d'abattage d'arbres dans des conditions d'acc\u00e8s difficiles. Travail sur la r\u00e9gion de Nice et alentours.\",\"breadcrumb\":{\"@id\":\"https:\/\/arbonissa.fr\/#breadcrumb\"},\"inLanguage\":\"fr-FR\",\"potentialAction\":[{\"@type\":\"ReadAction\",\"target\":[\"https:\/\/arbonissa.fr\/\"]}]},{\"@type\":\"BreadcrumbList\",\"@id\":\"https:\/\/arbonissa.fr\/#breadcrumb\",\"itemListElement\":[{\"@type\":\"ListItem\",\"position\":1,\"name\":\"Accueil\",\"item\":\"https:\/\/arbonissa.fr\/\"},{\"@type\":\"ListItem\",\"position\":2,\"name\":\"Arbonissa Jardins et Elagage &#8211; Nice\"}]},{\"@type\":\"WebSite\",\"@id\":\"https:\/\/arbonissa.fr\/#website\",\"url\":\"https:\/\/arbonissa.fr\/\",\"name\":\"ARBONISSA Elagage\",\"description\":\"Sculpteur de nature\",\"publisher\":{\"@id\":\"https:\/\/arbonissa.fr\/#organization\"},\"potentialAction\":[{\"@type\":\"SearchAction\",\"target\":{\"@type\":\"EntryPoint\",\"urlTemplate\":\"https:\/\/arbonissa.fr\/?s={search_term_string}\"},\"query-input\":{\"@type\":\"PropertyValueSpecification\",\"valueRequired\":true,\"valueName\":\"search_term_string\"}}],\"inLanguage\":\"fr-FR\"},{\"@type\":\"Organization\",\"@id\":\"https:\/\/arbonissa.fr\/#organization\",\"name\":\"ARBONISSA Elagage\",\"url\":\"https:\/\/arbonissa.fr\/\",\"logo\":{\"@type\":\"ImageObject\",\"inLanguage\":\"fr-FR\",\"@id\":\"https:\/\/arbonissa.fr\/#\/schema\/logo\/image\/\",\"url\":\"https:\/\/arbonissa.fr\/wp-content\/uploads\/2025\/03\/logo-arbonissa-seul.png\",\"contentUrl\":\"https:\/\/arbonissa.fr\/wp-content\/uploads\/2025\/03\/logo-arbonissa-seul.png\",\"width\":227,\"height\":100,\"caption\":\"ARBONISSA Elagage\"},\"image\":{\"@id\":\"https:\/\/arbonissa.fr\/#\/schema\/logo\/image\/\"}}]}<\/script>\n<!-- \/ Yoast SEO plugin. -->","yoast_head_json":{"title":"Arbonissa Jardins et Elagage - Nice -","description":"Arbonissa r\u00e9ponds \u00e0 tous vos besoins d'\u00e9lagage acrobatique ou d'abattage d'arbres dans des conditions d'acc\u00e8s difficiles. Travail sur la r\u00e9gion de Nice et alentours.","robots":{"index":"index","follow":"follow","max-snippet":"max-snippet:-1","max-image-preview":"max-image-preview:large","max-video-preview":"max-video-preview:-1"},"canonical":"https:\/\/arbonissa.fr\/","og_locale":"fr_FR","og_type":"article","og_title":"Arbonissa Jardins et Elagage - Nice -","og_description":"Arbonissa r\u00e9ponds \u00e0 tous vos besoins d'\u00e9lagage acrobatique ou d'abattage d'arbres dans des conditions d'acc\u00e8s difficiles. Travail sur la r\u00e9gion de Nice et alentours.","og_url":"https:\/\/arbonissa.fr\/","article_modified_time":"2025-03-23T10:05:23+00:00","twitter_card":"summary_large_image","schema":{"@context":"https:\/\/schema.org","@graph":[{"@type":"WebPage","@id":"https:\/\/arbonissa.fr\/","url":"https:\/\/arbonissa.fr\/","name":"Arbonissa Jardins et Elagage - Nice -","isPartOf":{"@id":"https:\/\/arbonissa.fr\/#website"},"datePublished":"2025-03-15T17:46:58+00:00","dateModified":"2025-03-23T10:05:23+00:00","description":"Arbonissa r\u00e9ponds \u00e0 tous vos besoins d'\u00e9lagage acrobatique ou d'abattage d'arbres dans des conditions d'acc\u00e8s difficiles. Travail sur la r\u00e9gion de Nice et alentours.","breadcrumb":{"@id":"https:\/\/arbonissa.fr\/#breadcrumb"},"inLanguage":"fr-FR","potentialAction":[{"@type":"ReadAction","target":["https:\/\/arbonissa.fr\/"]}]},{"@type":"BreadcrumbList","@id":"https:\/\/arbonissa.fr\/#breadcrumb","itemListElement":[{"@type":"ListItem","position":1,"name":"Accueil","item":"https:\/\/arbonissa.fr\/"},{"@type":"ListItem","position":2,"name":"Arbonissa Jardins et Elagage &#8211; Nice"}]},{"@type":"WebSite","@id":"https:\/\/arbonissa.fr\/#website","url":"https:\/\/arbonissa.fr\/","name":"ARBONISSA Elagage","description":"Sculpteur de nature","publisher":{"@id":"https:\/\/arbonissa.fr\/#organization"},"potentialAction":[{"@type":"SearchAction","target":{"@type":"EntryPoint","urlTemplate":"https:\/\/arbonissa.fr\/?s={search_term_string}"},"query-input":{"@type":"PropertyValueSpecification","valueRequired":true,"valueName":"search_term_string"}}],"inLanguage":"fr-FR"},{"@type":"Organization","@id":"https:\/\/arbonissa.fr\/#organization","name":"ARBONISSA Elagage","url":"https:\/\/arbonissa.fr\/","logo":{"@type":"ImageObject","inLanguage":"fr-FR","@id":"https:\/\/arbonissa.fr\/#\/schema\/logo\/image\/","url":"https:\/\/arbonissa.fr\/wp-content\/uploads\/2025\/03\/logo-arbonissa-seul.png","contentUrl":"https:\/\/arbonissa.fr\/wp-content\/uploads\/2025\/03\/logo-arbonissa-seul.png","width":227,"height":100,"caption":"ARBONISSA Elagage"},"image":{"@id":"https:\/\/arbonissa.fr\/#\/schema\/logo\/image\/"}}]}},"_links":{"self":[{"href":"https:\/\/arbonissa.fr\/index.php?rest_route=\/wp\/v2\/pages\/83","targetHints":{"allow":["GET"]}}],"collection":[{"href":"https:\/\/arbonissa.fr\/index.php?rest_route=\/wp\/v2\/pages"}],"about":[{"href":"https:\/\/arbonissa.fr\/index.php?rest_route=\/wp\/v2\/types\/page"}],"author":[{"embeddable":true,"href":"https:\/\/arbonissa.fr\/index.php?rest_route=\/wp\/v2\/users\/1"}],"replies":[{"embeddable":true,"href":"https:\/\/arbonissa.fr\/index.php?rest_route=%2Fwp%2Fv2%2Fcomments&post=83"}],"version-history":[{"count":3,"href":"https:\/\/arbonissa.fr\/index.php?rest_route=\/wp\/v2\/pages\/83\/revisions"}],"predecessor-version":[{"id":344,"href":"https:\/\/arbonissa.fr\/index.php?rest_route=\/wp\/v2\/pages\/83\/revisions\/344"}],"wp:attachment":[{"href":"https:\/\/arbonissa.fr\/index.php?rest_route=%2Fwp%2Fv2%2Fmedia&parent=83"}],"curies":[{"name":"wp","href":"https:\/\/api.w.org\/{rel}","templated":true}]}}