{"id":93,"date":"2025-03-15T18:46:58","date_gmt":"2025-03-15T17:46:58","guid":{"rendered":"https:\/\/arbonissa.fr\/?page_id=93"},"modified":"2025-04-12T11:31:11","modified_gmt":"2025-04-12T09:31:11","slug":"page","status":"publish","type":"page","link":"https:\/\/arbonissa.fr\/?page_id=93","title":{"rendered":"video-arbonissa-elagage"},"content":{"rendered":"<figure class=\"wp-block-video\"><video height=\"1280\" style=\"aspect-ratio: 960 \/ 1280;\" width=\"960\" autoplay controls loop src=\"https:\/\/arbonissa.fr\/wp-content\/uploads\/2025\/04\/video-arbonissa-elagage-nice-1.mp4\" playsinline><\/video><\/figure>","protected":false},"excerpt":{"rendered":"","protected":false},"author":1,"featured_media":0,"parent":0,"menu_order":0,"comment_status":"closed","ping_status":"closed","template":"","meta":{"footnotes":""},"class_list":["post-93","page","type-page","status-publish","hentry"],"yoast_head":"<!-- This site is optimized with the Yoast SEO plugin v24.7 - https:\/\/yoast.com\/wordpress\/plugins\/seo\/ -->\n<title>video-arbonissa-elagage -<\/title>\n<meta name=\"description\" content=\"Visualisez la vid\u00e9o du d\u00e9montage d&#039;un c\u00e8dre par l&#039;\u00e9quipe d&#039;Arbonissa. N&#039;h\u00e9sitez pas \u00e0 nous contacter pour tout travail d&#039;\u00e9lagage ou abatage.\" \/>\n<meta name=\"robots\" content=\"index, follow, max-snippet:-1, max-image-preview:large, max-video-preview:-1\" \/>\n<link rel=\"canonical\" href=\"https:\/\/arbonissa.fr\/?page_id=93\" \/>\n<meta property=\"og:locale\" content=\"fr_FR\" \/>\n<meta property=\"og:type\" content=\"article\" \/>\n<meta property=\"og:title\" content=\"video-arbonissa-elagage -\" \/>\n<meta property=\"og:description\" content=\"Visualisez la vid\u00e9o du d\u00e9montage d&#039;un c\u00e8dre par l&#039;\u00e9quipe d&#039;Arbonissa. N&#039;h\u00e9sitez pas \u00e0 nous contacter pour tout travail d&#039;\u00e9lagage ou abatage.\" \/>\n<meta property=\"og:url\" content=\"https:\/\/arbonissa.fr\/?page_id=93\" \/>\n<meta property=\"article:modified_time\" content=\"2025-04-12T09:31:11+00:00\" \/>\n<meta name=\"twitter:card\" content=\"summary_large_image\" \/>\n<script type=\"application\/ld+json\" class=\"yoast-schema-graph\">{\"@context\":\"https:\/\/schema.org\",\"@graph\":[{\"@type\":\"WebPage\",\"@id\":\"https:\/\/arbonissa.fr\/?page_id=93\",\"url\":\"https:\/\/arbonissa.fr\/?page_id=93\",\"name\":\"video-arbonissa-elagage -\",\"isPartOf\":{\"@id\":\"https:\/\/arbonissa.fr\/#website\"},\"datePublished\":\"2025-03-15T17:46:58+00:00\",\"dateModified\":\"2025-04-12T09:31:11+00:00\",\"description\":\"Visualisez la vid\u00e9o du d\u00e9montage d'un c\u00e8dre par l'\u00e9quipe d'Arbonissa. N'h\u00e9sitez pas \u00e0 nous contacter pour tout travail d'\u00e9lagage ou abatage.\",\"breadcrumb\":{\"@id\":\"https:\/\/arbonissa.fr\/?page_id=93#breadcrumb\"},\"inLanguage\":\"fr-FR\",\"potentialAction\":[{\"@type\":\"ReadAction\",\"target\":[\"https:\/\/arbonissa.fr\/?page_id=93\"]}]},{\"@type\":\"BreadcrumbList\",\"@id\":\"https:\/\/arbonissa.fr\/?page_id=93#breadcrumb\",\"itemListElement\":[{\"@type\":\"ListItem\",\"position\":1,\"name\":\"Accueil\",\"item\":\"https:\/\/arbonissa.fr\/\"},{\"@type\":\"ListItem\",\"position\":2,\"name\":\"video-arbonissa-elagage\"}]},{\"@type\":\"WebSite\",\"@id\":\"https:\/\/arbonissa.fr\/#website\",\"url\":\"https:\/\/arbonissa.fr\/\",\"name\":\"ARBONISSA Elagage\",\"description\":\"Sculpteur de nature\",\"publisher\":{\"@id\":\"https:\/\/arbonissa.fr\/#organization\"},\"potentialAction\":[{\"@type\":\"SearchAction\",\"target\":{\"@type\":\"EntryPoint\",\"urlTemplate\":\"https:\/\/arbonissa.fr\/?s={search_term_string}\"},\"query-input\":{\"@type\":\"PropertyValueSpecification\",\"valueRequired\":true,\"valueName\":\"search_term_string\"}}],\"inLanguage\":\"fr-FR\"},{\"@type\":\"Organization\",\"@id\":\"https:\/\/arbonissa.fr\/#organization\",\"name\":\"ARBONISSA Elagage\",\"url\":\"https:\/\/arbonissa.fr\/\",\"logo\":{\"@type\":\"ImageObject\",\"inLanguage\":\"fr-FR\",\"@id\":\"https:\/\/arbonissa.fr\/#\/schema\/logo\/image\/\",\"url\":\"https:\/\/arbonissa.fr\/wp-content\/uploads\/2025\/03\/logo-arbonissa-seul.png\",\"contentUrl\":\"https:\/\/arbonissa.fr\/wp-content\/uploads\/2025\/03\/logo-arbonissa-seul.png\",\"width\":227,\"height\":100,\"caption\":\"ARBONISSA Elagage\"},\"image\":{\"@id\":\"https:\/\/arbonissa.fr\/#\/schema\/logo\/image\/\"}}]}<\/script>\n<!-- \/ Yoast SEO plugin. -->","yoast_head_json":{"title":"video-arbonissa-elagage -","description":"Visualisez la vid\u00e9o du d\u00e9montage d'un c\u00e8dre par l'\u00e9quipe d'Arbonissa. N'h\u00e9sitez pas \u00e0 nous contacter pour tout travail d'\u00e9lagage ou abatage.","robots":{"index":"index","follow":"follow","max-snippet":"max-snippet:-1","max-image-preview":"max-image-preview:large","max-video-preview":"max-video-preview:-1"},"canonical":"https:\/\/arbonissa.fr\/?page_id=93","og_locale":"fr_FR","og_type":"article","og_title":"video-arbonissa-elagage -","og_description":"Visualisez la vid\u00e9o du d\u00e9montage d'un c\u00e8dre par l'\u00e9quipe d'Arbonissa. N'h\u00e9sitez pas \u00e0 nous contacter pour tout travail d'\u00e9lagage ou abatage.","og_url":"https:\/\/arbonissa.fr\/?page_id=93","article_modified_time":"2025-04-12T09:31:11+00:00","twitter_card":"summary_large_image","schema":{"@context":"https:\/\/schema.org","@graph":[{"@type":"WebPage","@id":"https:\/\/arbonissa.fr\/?page_id=93","url":"https:\/\/arbonissa.fr\/?page_id=93","name":"video-arbonissa-elagage -","isPartOf":{"@id":"https:\/\/arbonissa.fr\/#website"},"datePublished":"2025-03-15T17:46:58+00:00","dateModified":"2025-04-12T09:31:11+00:00","description":"Visualisez la vid\u00e9o du d\u00e9montage d'un c\u00e8dre par l'\u00e9quipe d'Arbonissa. N'h\u00e9sitez pas \u00e0 nous contacter pour tout travail d'\u00e9lagage ou abatage.","breadcrumb":{"@id":"https:\/\/arbonissa.fr\/?page_id=93#breadcrumb"},"inLanguage":"fr-FR","potentialAction":[{"@type":"ReadAction","target":["https:\/\/arbonissa.fr\/?page_id=93"]}]},{"@type":"BreadcrumbList","@id":"https:\/\/arbonissa.fr\/?page_id=93#breadcrumb","itemListElement":[{"@type":"ListItem","position":1,"name":"Accueil","item":"https:\/\/arbonissa.fr\/"},{"@type":"ListItem","position":2,"name":"video-arbonissa-elagage"}]},{"@type":"WebSite","@id":"https:\/\/arbonissa.fr\/#website","url":"https:\/\/arbonissa.fr\/","name":"ARBONISSA Elagage","description":"Sculpteur de nature","publisher":{"@id":"https:\/\/arbonissa.fr\/#organization"},"potentialAction":[{"@type":"SearchAction","target":{"@type":"EntryPoint","urlTemplate":"https:\/\/arbonissa.fr\/?s={search_term_string}"},"query-input":{"@type":"PropertyValueSpecification","valueRequired":true,"valueName":"search_term_string"}}],"inLanguage":"fr-FR"},{"@type":"Organization","@id":"https:\/\/arbonissa.fr\/#organization","name":"ARBONISSA Elagage","url":"https:\/\/arbonissa.fr\/","logo":{"@type":"ImageObject","inLanguage":"fr-FR","@id":"https:\/\/arbonissa.fr\/#\/schema\/logo\/image\/","url":"https:\/\/arbonissa.fr\/wp-content\/uploads\/2025\/03\/logo-arbonissa-seul.png","contentUrl":"https:\/\/arbonissa.fr\/wp-content\/uploads\/2025\/03\/logo-arbonissa-seul.png","width":227,"height":100,"caption":"ARBONISSA Elagage"},"image":{"@id":"https:\/\/arbonissa.fr\/#\/schema\/logo\/image\/"}}]}},"_links":{"self":[{"href":"https:\/\/arbonissa.fr\/index.php?rest_route=\/wp\/v2\/pages\/93","targetHints":{"allow":["GET"]}}],"collection":[{"href":"https:\/\/arbonissa.fr\/index.php?rest_route=\/wp\/v2\/pages"}],"about":[{"href":"https:\/\/arbonissa.fr\/index.php?rest_route=\/wp\/v2\/types\/page"}],"author":[{"embeddable":true,"href":"https:\/\/arbonissa.fr\/index.php?rest_route=\/wp\/v2\/users\/1"}],"replies":[{"embeddable":true,"href":"https:\/\/arbonissa.fr\/index.php?rest_route=%2Fwp%2Fv2%2Fcomments&post=93"}],"version-history":[{"count":7,"href":"https:\/\/arbonissa.fr\/index.php?rest_route=\/wp\/v2\/pages\/93\/revisions"}],"predecessor-version":[{"id":372,"href":"https:\/\/arbonissa.fr\/index.php?rest_route=\/wp\/v2\/pages\/93\/revisions\/372"}],"wp:attachment":[{"href":"https:\/\/arbonissa.fr\/index.php?rest_route=%2Fwp%2Fv2%2Fmedia&parent=93"}],"curies":[{"name":"wp","href":"https:\/\/api.w.org\/{rel}","templated":true}]}}